{"id":5849,"date":"2021-09-22T07:20:57","date_gmt":"2021-09-22T05:20:57","guid":{"rendered":"https:\/\/btec.cat\/cookies-policy\/"},"modified":"2024-11-21T12:55:38","modified_gmt":"2024-11-21T11:55:38","slug":"cookies-policy","status":"publish","type":"page","link":"https:\/\/btec.cat\/es\/cookies-policy\/","title":{"rendered":"Cookies policy"},"content":{"rendered":"\t\t<div data-elementor-type=\"wp-page\" data-elementor-id=\"5849\" class=\"elementor elementor-5849 elementor-2806\" data-elementor-post-type=\"page\">\n\t\t\t\t\t\t<section class=\"elementor-section elementor-top-section elementor-element elementor-element-351e1a3 elementor-section-boxed elementor-section-height-default elementor-section-height-default\" data-id=\"351e1a3\" data-element_type=\"section\">\n\t\t\t\t\t\t<div class=\"elementor-container elementor-column-gap-wider\">\n\t\t\t\t\t<div class=\"elementor-column elementor-col-100 elementor-top-column elementor-element elementor-element-da23136\" data-id=\"da23136\" data-element_type=\"column\">\n\t\t\t<div class=\"elementor-widget-wrap elementor-element-populated\">\n\t\t\t\t\t\t<div class=\"elementor-element elementor-element-453c5e1 elementor-widget elementor-widget-text-editor\" data-id=\"453c5e1\" data-element_type=\"widget\" data-widget_type=\"text-editor.default\">\n\t\t\t\t<div class=\"elementor-widget-container\">\n\t\t\t\t\t\t\t\t\t<p>Esta Cookies Policy explains what Cookies are and how We use them. You should read this policy son You can understand what type of cookies We use, or the information We collect using Cookies and how that information is used. <\/p>\n<p>Cookies no son t\u00edpicamente contain a\u00f1o informacion que personalmente identificas a user, pero personal informacion que el store sobre You may be linked to information stored in and obtained from Cookies. Para m\u00e1s informaci\u00f3n sobre c\u00f3mo utilizar, almacenar y guardar su personal fecha secure, obtener nuestra Privacy Policy. <\/p>\n<p>We do not store sensitive personal information, such as mailing direcciones, account passwords, etc.<\/p>\n<hr class=\"the7-p-gap\" style=\"padding-bottom: 45px;\">\n<h2>Interpretation and Definitions<\/h2>\n<h3>Interpretaci\u00f3n<\/h3>\n<p>The words of which the initial letter capitalized have meanings definen under the following conditions. The following definitions shall tiene la misma vuelta regardless de whether they appear in singular or in plural. <\/p>\n<hr class=\"the7-p-gap\" style=\"padding-bottom: 15px;\">\n<h3>Definitions<\/h3>\n<p>Para las purposes de las Cookies Policy:<\/p>\n<p>\u2022 \u201cCompany\u201d (referred a las \u00abthe Company\u00bb, \u00abWe\u00bb, \u00abOs\u00bb or \u00abOur\u00bb in this Cookies Policy) refers to[COMPANY INFORMATION] .<\/p>\n<p>\u2022 \u201cCookies\u201d means small files que est\u00e1n colocadas en su computadora, m\u00f3vil de oro o a\u00f1o de otra por website, conteniendo detalles de tu hist\u00f3ria de b\u00fasqueda en el sitio web con sus usos.<\/p>\n<p>\u2022 \u201cWebsite\u201d refers to[WEBSITE NAME] , accesible from  [WEBSITE URL]<\/p>\n<p>\u2022 \u201cYou\u201d merece el acceso individual o el sitio web, oro a compa\u00f1ero, o el a\u00f1o legal entity en el que se encuentra su individual es el acceso al uso del sitio, es applicable.<\/p>\n<hr class=\"the7-p-gap\" style=\"padding-bottom: 45px;\">\n<h2>El uso de las cookies<\/h2>\n<h3>Type of Cookies We Use<\/h3>\n<p>Cookies can be \u00abPersistent\u00bb or \u00abSession\u00bb Cookies. Persistente Cookies remain en el personal de la computadora o en el tel\u00e9fono m\u00f3vil cuando usted est\u00e1 en l\u00ednea, por lo que las sesiones de cookies son deleitadas en el lugar en el que se encuentra su web browser. <\/p>\n<hr class=\"the7-p-gap\" style=\"padding-bottom: 15px;\">\n<h3>Use both session and persistent Cookies for the purposes set out below:<\/h3>\n<p>\u2022 Necessary \/ Essential Cookies Type: Session Cookies Administered by: Us Purpose: These Cookies son esenciales para provide. They help to authenticate users and prevent fraudulent use of user accounts. Para las cookies, los servicios que se han adquirido para cannot be provided, y para que s\u00f3lo utilices las cookies para abastecer a las instalaciones.  <\/p>\n<p>\u2022 Cookies Policy \/ Notice Acceptance Cookies Type: Persistent Cookies Administered by: Us Purpose: Las cookies identify y las personas han aceptado el uso de cookies en la Web.<\/p>\n<p>\u2022 Functionality Cookies Type: Persistent Cookies Administered by: Us Purpose: These Cookies permite remember choices You make when You use the Website, su remembering your login details or language preference. Purpose esta cookies es provide yo s m\u00e1s personal experiencia y avoid. <\/p>\n<p>\u2022 Tracking and Performance Cookies Type: Persistent Cookies Administered by: Third-Parties Purpose: These Cookies se utilizan para track information o traffic to the Website and how users use the Website. La informaci\u00f3n gathered a trav\u00e9s de las cookies es directamente o indirectamente identificada con las personas individuales. Esta informaci\u00f3n es recolectada t\u00edpicamente linked a un pseudonymous identificador asociado con el dispositivo y se utiliza para acceder al sitio web. Para ello utiliza las cookies en test de nuevas advertisements, p\u00e1ginas, features o nuevas funcionalidades de la Web, para saber c\u00f3mo nuestras usuarios reactan en las mismas.   <\/p>\n<hr class=\"the7-p-gap\" style=\"padding-bottom: 45px;\">\n<h2>Your Choices Regarding Cookies<\/h2>\n<p>Si usted prefiere avoid el uso de cookies en el sitio web, no es necesario disable el uso de cookies en tu navegador y delete cookies en el sitio web asociado con este sitio web. Puede utilizar esta opci\u00f3n para prevenir el uso de cookies en el a\u00f1o. <\/p>\n<p>No puede aceptar nuestras cookies, no hay experiencia alguna inconveniencia en nuestro uso de la web y algunas features no pueden funcionar pr\u00f3ximamente.<\/p>\n<p>If You&#8217;d like to delete Cookies or instruct your web browser to delete or rechaza Cookies, please visite las p\u00e1ginas de tu web browser.<\/p>\n<p>For the Chrome web browser, please visit this page from Google: https:\/\/support.google.com\/accounts\/answer\/32050<\/p>\n<p>Para Internet Explorer web browser, please visit this page from Microsoft: http:\/\/support.microsoft.com\/kb\/278835<\/p>\n<p>Para el Firefox web browser, visite esta p\u00e1gina de Mozilla: https:\/\/support.mozilla.org\/en-US\/kb\/delete-cookies-remove-info-websites-stored<\/p>\n<p>Para la p\u00e1gina web de Safari, visite esta p\u00e1gina de Apple: https:\/\/support.apple.com\/guide\/safari\/manage-cookies-and-website-data-sfri11471\/mac<\/p>\n<p>Por a\u00f1o other web browser, please visit your web browser&#8217;s official web pages.<\/p>\n<hr class=\"the7-p-gap\" style=\"padding-bottom: 45px;\">\n<h2>Contact Os<\/h2>\n<p>Yf you have a\u00f1o preguntas sobre esta Cookies Policy, You can contact us:<\/p>\n<p>\u2022 By visiting este page on our website:[WEBSITE CONTACT PAGE URL]<br \/> \u2022 By sending le e-mail:  [WEBSITE CONTACT EMAIL]<\/p>\n\t\t\t\t\t\t\t\t<\/div>\n\t\t\t\t<\/div>\n\t\t\t\t\t<\/div>\n\t\t<\/div>\n\t\t\t\t\t<\/div>\n\t\t<\/section>\n\t\t\t\t<\/div>\n\t\t","protected":false},"excerpt":{"rendered":"<p>Esta Cookies Policy explains what Cookies are and how We use them. You should read this policy son You can understand what type of cookies We use, or the information We collect using Cookies and how that information is used. Cookies no son t\u00edpicamente contain a\u00f1o informacion que personalmente identificas a user, pero personal informacion&hellip;<\/p>\n","protected":false},"author":1,"featured_media":0,"parent":0,"menu_order":0,"comment_status":"closed","ping_status":"closed","template":"","meta":{"footnotes":""},"class_list":["post-5849","page","type-page","status-publish","hentry"],"_links":{"self":[{"href":"https:\/\/btec.cat\/es\/wp-json\/wp\/v2\/pages\/5849","targetHints":{"allow":["GET"]}}],"collection":[{"href":"https:\/\/btec.cat\/es\/wp-json\/wp\/v2\/pages"}],"about":[{"href":"https:\/\/btec.cat\/es\/wp-json\/wp\/v2\/types\/page"}],"author":[{"embeddable":true,"href":"https:\/\/btec.cat\/es\/wp-json\/wp\/v2\/users\/1"}],"replies":[{"embeddable":true,"href":"https:\/\/btec.cat\/es\/wp-json\/wp\/v2\/comments?post=5849"}],"version-history":[{"count":1,"href":"https:\/\/btec.cat\/es\/wp-json\/wp\/v2\/pages\/5849\/revisions"}],"predecessor-version":[{"id":5852,"href":"https:\/\/btec.cat\/es\/wp-json\/wp\/v2\/pages\/5849\/revisions\/5852"}],"wp:attachment":[{"href":"https:\/\/btec.cat\/es\/wp-json\/wp\/v2\/media?parent=5849"}],"curies":[{"name":"wp","href":"https:\/\/api.w.org\/{rel}","templated":true}]}}