{"id":5984,"date":"2024-04-09T21:20:55","date_gmt":"2024-04-09T19:20:55","guid":{"rendered":"https:\/\/btec.cat\/transparencia\/"},"modified":"2025-01-24T13:40:05","modified_gmt":"2025-01-24T12:40:05","slug":"transparencia","status":"publish","type":"page","link":"https:\/\/btec.cat\/es\/transparencia\/","title":{"rendered":"Transpar\u00e8ncia"},"content":{"rendered":"\t\t<div data-elementor-type=\"wp-page\" data-elementor-id=\"5984\" class=\"elementor elementor-5984 elementor-4909\" data-elementor-post-type=\"page\">\n\t\t\t\t\t\t<section class=\"elementor-section elementor-top-section elementor-element elementor-element-3a222147 elementor-section-boxed elementor-section-height-default elementor-section-height-default\" data-id=\"3a222147\" data-element_type=\"section\">\n\t\t\t\t\t\t<div class=\"elementor-container elementor-column-gap-no\">\n\t\t\t\t\t<div class=\"elementor-column elementor-col-50 elementor-top-column elementor-element elementor-element-df901ab\" data-id=\"df901ab\" data-element_type=\"column\">\n\t\t\t<div class=\"elementor-widget-wrap elementor-element-populated\">\n\t\t\t\t\t\t<div class=\"elementor-element elementor-element-4ab94616 elementor-widget elementor-widget-text-editor\" data-id=\"4ab94616\" data-element_type=\"widget\" data-widget_type=\"text-editor.default\">\n\t\t\t\t<div class=\"elementor-widget-container\">\n\t\t\t\t\t\t\t\t\t<p>En esta secci\u00f3n encontrar\u00e1 la informaci\u00f3n y documentos relevantes de la Fundaci\u00f3n b_TEC Campus Diagonal-Bes\u00f2s vinculados a la informaci\u00f3n Institucional y Organizativa, la gesti\u00f3n Econ\u00f3mica y Administrativa, los Anuncios p\u00fablicos de la entidad, la informaci\u00f3n de los Contratos, Convenios y Subvenciones, la Memoria de actividades anual y el enlace a la Sede Electr\u00f3nica.<\/p>\n<p>Tambi\u00e9n podr\u00e1 acceder desde aqu\u00ed al portal de Transparencia Catalunya que est\u00e1 gestionado por la Generalitat de Catalunya. Es un sistema integral de publicidad e informaci\u00f3n en formato electr\u00f3nico que permite a las personas un acceso f\u00e1cil y gratuito a la informaci\u00f3n sobre las administraciones locales y sobre otros actores. Estos entes, por su relaci\u00f3n con la Administraci\u00f3n, se encuentran en obligaci\u00f3n de publicar sus datos (entidades, organizaciones, grupos de inter\u00e9s\u2026) porque los ciudadanos los puedan identificar.<\/p>\n<p>Es la acci\u00f3n proactiva de la Administraci\u00f3n de dar a conocer, de forma comprensible y actualizada, la informaci\u00f3n sobre su actividad (publicidad activa). Incluye tambi\u00e9n el acceso en la informaci\u00f3n p\u00fablica a solicitud de los ciudadanos a trav\u00e9s del ejercicio del derecho legalmente reconocido a hacerlo.<\/p>\n<p>La transparencia de la informaci\u00f3n persigue rendir cuentas a los ciudadanos de la actividad y la gesti\u00f3n de los recursos p\u00fablicos, facilitando la participaci\u00f3n en los asuntos p\u00fablicos y la evaluaci\u00f3n de la calidad democr\u00e1tica del funcionamiento de las administraciones p\u00fablicas.<\/p>\n<p><img fetchpriority=\"high\" decoding=\"async\" class=\"aligncenter wp-image-5420 size-large\" src=\"https:\/\/btec.cat\/wp-content\/uploads\/2024\/05\/b_TEC_campus_abril_24-15-1024x683.jpg\" alt=\"\" width=\"1024\" height=\"683\" srcset=\"https:\/\/btec.cat\/wp-content\/uploads\/2024\/05\/b_TEC_campus_abril_24-15-1024x683.jpg 1024w, https:\/\/btec.cat\/wp-content\/uploads\/2024\/05\/b_TEC_campus_abril_24-15-300x200.jpg 300w, https:\/\/btec.cat\/wp-content\/uploads\/2024\/05\/b_TEC_campus_abril_24-15-768x512.jpg 768w, https:\/\/btec.cat\/wp-content\/uploads\/2024\/05\/b_TEC_campus_abril_24-15-1536x1025.jpg 1536w, https:\/\/btec.cat\/wp-content\/uploads\/2024\/05\/b_TEC_campus_abril_24-15.jpg 1800w\" sizes=\"(max-width: 1024px) 100vw, 1024px\" \/><\/p>\n\t\t\t\t\t\t\t\t<\/div>\n\t\t\t\t<\/div>\n\t\t\t\t\t<\/div>\n\t\t<\/div>\n\t\t\t\t<div class=\"elementor-column elementor-col-50 elementor-top-column elementor-element elementor-element-74c6967f\" data-id=\"74c6967f\" data-element_type=\"column\">\n\t\t\t<div class=\"elementor-widget-wrap elementor-element-populated\">\n\t\t\t\t\t\t<div class=\"elementor-element elementor-element-a4de9bf elementor-widget elementor-widget-template\" data-id=\"a4de9bf\" data-element_type=\"widget\" data-widget_type=\"template.default\">\n\t\t\t\t<div class=\"elementor-widget-container\">\n\t\t\t\t\t\t\t<div class=\"elementor-template\">\n\t\t\t\t\t<div data-elementor-type=\"page\" data-elementor-id=\"6382\" class=\"elementor elementor-6382 elementor-5095\" data-elementor-post-type=\"elementor_library\">\n\t\t\t\t\t\t<section class=\"elementor-section elementor-top-section elementor-element elementor-element-409ef1c9 elementor-section-boxed elementor-section-height-default elementor-section-height-default\" data-id=\"409ef1c9\" data-element_type=\"section\">\n\t\t\t\t\t\t<div class=\"elementor-container elementor-column-gap-no\">\n\t\t\t\t\t<div class=\"elementor-column elementor-col-100 elementor-top-column elementor-element elementor-element-b0b1f9e\" data-id=\"b0b1f9e\" data-element_type=\"column\">\n\t\t\t<div class=\"elementor-widget-wrap elementor-element-populated\">\n\t\t\t\t\t\t<div class=\"elementor-element elementor-element-54d8134d elementor-widget__width-initial elementor-widget elementor-widget-heading\" data-id=\"54d8134d\" data-element_type=\"widget\" data-widget_type=\"heading.default\">\n\t\t\t\t<div class=\"elementor-widget-container\">\n\t\t\t\t\t<div class=\"elementor-heading-title elementor-size-default\">Transparencia<\/div>\t\t\t\t<\/div>\n\t\t\t\t<\/div>\n\t\t\t\t<div class=\"elementor-element elementor-element-29f7ddd7 elementor-widget elementor-widget-spacer\" data-id=\"29f7ddd7\" data-element_type=\"widget\" data-widget_type=\"spacer.default\">\n\t\t\t\t<div class=\"elementor-widget-container\">\n\t\t\t\t\t\t\t<div class=\"elementor-spacer\">\n\t\t\t<div class=\"elementor-spacer-inner\"><\/div>\n\t\t<\/div>\n\t\t\t\t\t\t<\/div>\n\t\t\t\t<\/div>\n\t\t\t\t<div class=\"elementor-element elementor-element-4f8b6e1b dt-nav-menu_align-left dt-sub-menu_align-left elementor-widget elementor-widget-the7_nav-menu\" data-id=\"4f8b6e1b\" data-element_type=\"widget\" data-settings=\"{&quot;submenu_display&quot;:&quot;on_click&quot;}\" data-widget_type=\"the7_nav-menu.default\">\n\t\t\t\t<div class=\"elementor-widget-container\">\n\t\t\t\t\t<nav class=\"dt-nav-menu--main dt-nav-menu__container dt-sub-menu-display-on_click dt-icon-align-with_text dt-icon-position-right dt-sub-icon-position-right dt-sub-icon-align-with_text\"><ul class=\"dt-nav-menu\"><li class=\"menu-item menu-item-type-post_type menu-item-object-page menu-item-5088 first depth-0\"><a href='https:\/\/btec.cat\/transparencia\/informacion-institucional-y-organizativa\/' data-level='1'><span class=\"item-content\"><span class=\"menu-item-text\"><span class=\"menu-text\">Informaci\u00f3 Institucional y Organitzativa<\/span><\/span><\/span><span class=\"right next-level-button\" data-icon = \"fas fa-caret-down\"><svg aria-hidden=\"true\" class=\"open-button e-font-icon-svg e-fas-caret-right\" viewBox=\"0 0 192 512\" xmlns=\"http:\/\/www.w3.org\/2000\/svg\"><path d=\"M0 384.662V127.338c0-17.818 21.543-26.741 34.142-14.142l128.662 128.662c7.81 7.81 7.81 20.474 0 28.284L34.142 398.804C21.543 411.404 0 402.48 0 384.662z\"><\/path><\/svg> <svg aria-hidden=\"true\" class=\"icon-active e-font-icon-svg e-fas-caret-down\" viewBox=\"0 0 320 512\" xmlns=\"http:\/\/www.w3.org\/2000\/svg\"><path d=\"M31.3 192h257.3c17.8 0 26.7 21.5 14.1 34.1L174.1 354.8c-7.8 7.8-20.5 7.8-28.3 0L17.2 226.1C4.6 213.5 13.5 192 31.3 192z\"><\/path><\/svg><\/span><\/a><\/li> <li class=\"menu-item menu-item-type-post_type menu-item-object-page menu-item-5087 depth-0\"><a href='https:\/\/btec.cat\/transparencia\/gestio-economica-i-administrativa\/' data-level='1'><span class=\"item-content\"><span class=\"menu-item-text\"><span class=\"menu-text\">Gesti\u00f3 econ\u00f2mica i administrativa<\/span><\/span><\/span><span class=\"right next-level-button\" data-icon = \"fas fa-caret-down\"><svg aria-hidden=\"true\" class=\"open-button e-font-icon-svg e-fas-caret-right\" viewBox=\"0 0 192 512\" xmlns=\"http:\/\/www.w3.org\/2000\/svg\"><path d=\"M0 384.662V127.338c0-17.818 21.543-26.741 34.142-14.142l128.662 128.662c7.81 7.81 7.81 20.474 0 28.284L34.142 398.804C21.543 411.404 0 402.48 0 384.662z\"><\/path><\/svg> <svg aria-hidden=\"true\" class=\"icon-active e-font-icon-svg e-fas-caret-down\" viewBox=\"0 0 320 512\" xmlns=\"http:\/\/www.w3.org\/2000\/svg\"><path d=\"M31.3 192h257.3c17.8 0 26.7 21.5 14.1 34.1L174.1 354.8c-7.8 7.8-20.5 7.8-28.3 0L17.2 226.1C4.6 213.5 13.5 192 31.3 192z\"><\/path><\/svg><\/span><\/a><\/li> <li class=\"menu-item menu-item-type-post_type menu-item-object-page menu-item-5086 depth-0\"><a href='https:\/\/btec.cat\/transparencia\/anuncis\/' data-level='1'><span class=\"item-content\"><span class=\"menu-item-text\"><span class=\"menu-text\">Anuncios<\/span><\/span><\/span><span class=\"right next-level-button\" data-icon = \"fas fa-caret-down\"><svg aria-hidden=\"true\" class=\"open-button e-font-icon-svg e-fas-caret-right\" viewBox=\"0 0 192 512\" xmlns=\"http:\/\/www.w3.org\/2000\/svg\"><path d=\"M0 384.662V127.338c0-17.818 21.543-26.741 34.142-14.142l128.662 128.662c7.81 7.81 7.81 20.474 0 28.284L34.142 398.804C21.543 411.404 0 402.48 0 384.662z\"><\/path><\/svg> <svg aria-hidden=\"true\" class=\"icon-active e-font-icon-svg e-fas-caret-down\" viewBox=\"0 0 320 512\" xmlns=\"http:\/\/www.w3.org\/2000\/svg\"><path d=\"M31.3 192h257.3c17.8 0 26.7 21.5 14.1 34.1L174.1 354.8c-7.8 7.8-20.5 7.8-28.3 0L17.2 226.1C4.6 213.5 13.5 192 31.3 192z\"><\/path><\/svg><\/span><\/a><\/li> <li class=\"menu-item menu-item-type-post_type menu-item-object-page menu-item-5085 depth-0\"><a href='https:\/\/btec.cat\/transparencia\/contractes-convenis-i-subvencions\/' data-level='1'><span class=\"item-content\"><span class=\"menu-item-text\"><span class=\"menu-text\">Contractes, convenis i subvencions<\/span><\/span><\/span><span class=\"right next-level-button\" data-icon = \"fas fa-caret-down\"><svg aria-hidden=\"true\" class=\"open-button e-font-icon-svg e-fas-caret-right\" viewBox=\"0 0 192 512\" xmlns=\"http:\/\/www.w3.org\/2000\/svg\"><path d=\"M0 384.662V127.338c0-17.818 21.543-26.741 34.142-14.142l128.662 128.662c7.81 7.81 7.81 20.474 0 28.284L34.142 398.804C21.543 411.404 0 402.48 0 384.662z\"><\/path><\/svg> <svg aria-hidden=\"true\" class=\"icon-active e-font-icon-svg e-fas-caret-down\" viewBox=\"0 0 320 512\" xmlns=\"http:\/\/www.w3.org\/2000\/svg\"><path d=\"M31.3 192h257.3c17.8 0 26.7 21.5 14.1 34.1L174.1 354.8c-7.8 7.8-20.5 7.8-28.3 0L17.2 226.1C4.6 213.5 13.5 192 31.3 192z\"><\/path><\/svg><\/span><\/a><\/li> <li class=\"menu-item menu-item-type-post_type menu-item-object-page menu-item-5084 last depth-0\"><a href='https:\/\/btec.cat\/transparencia\/memoria-dactivitats\/' data-level='1'><span class=\"item-content\"><span class=\"menu-item-text\"><span class=\"menu-text\">Memoria de actividades<\/span><\/span><\/span><span class=\"right next-level-button\" data-icon = \"fas fa-caret-down\"><svg aria-hidden=\"true\" class=\"open-button e-font-icon-svg e-fas-caret-right\" viewBox=\"0 0 192 512\" xmlns=\"http:\/\/www.w3.org\/2000\/svg\"><path d=\"M0 384.662V127.338c0-17.818 21.543-26.741 34.142-14.142l128.662 128.662c7.81 7.81 7.81 20.474 0 28.284L34.142 398.804C21.543 411.404 0 402.48 0 384.662z\"><\/path><\/svg> <svg aria-hidden=\"true\" class=\"icon-active e-font-icon-svg e-fas-caret-down\" viewBox=\"0 0 320 512\" xmlns=\"http:\/\/www.w3.org\/2000\/svg\"><path d=\"M31.3 192h257.3c17.8 0 26.7 21.5 14.1 34.1L174.1 354.8c-7.8 7.8-20.5 7.8-28.3 0L17.2 226.1C4.6 213.5 13.5 192 31.3 192z\"><\/path><\/svg><\/span><\/a><\/li> <\/ul><\/nav>\t\t\t\t<\/div>\n\t\t\t\t<\/div>\n\t\t\t\t<div class=\"elementor-element elementor-element-cee1033 elementor-widget elementor-widget-spacer\" data-id=\"cee1033\" data-element_type=\"widget\" data-widget_type=\"spacer.default\">\n\t\t\t\t<div class=\"elementor-widget-container\">\n\t\t\t\t\t\t\t<div class=\"elementor-spacer\">\n\t\t\t<div class=\"elementor-spacer-inner\"><\/div>\n\t\t<\/div>\n\t\t\t\t\t\t<\/div>\n\t\t\t\t<\/div>\n\t\t\t\t<div class=\"elementor-element elementor-element-5bde717 elementor-widget elementor-widget-template\" data-id=\"5bde717\" data-element_type=\"widget\" data-widget_type=\"template.default\">\n\t\t\t\t<div class=\"elementor-widget-container\">\n\t\t\t\t\t\t\t<div class=\"elementor-template\">\n\t\t\t\t\t<div data-elementor-type=\"page\" data-elementor-id=\"6373\" class=\"elementor elementor-6373 elementor-6359\" data-elementor-post-type=\"elementor_library\">\n\t\t\t\t\t\t<section class=\"elementor-section elementor-top-section elementor-element elementor-element-74034a59 elementor-section-boxed elementor-section-height-default elementor-section-height-default\" data-id=\"74034a59\" data-element_type=\"section\">\n\t\t\t\t\t\t<div class=\"elementor-container elementor-column-gap-no\">\n\t\t\t\t\t<div class=\"elementor-column elementor-col-100 elementor-top-column elementor-element elementor-element-4e5152cc\" data-id=\"4e5152cc\" data-element_type=\"column\">\n\t\t\t<div class=\"elementor-widget-wrap elementor-element-populated\">\n\t\t\t\t\t\t<div class=\"elementor-element elementor-element-c9c2bb0 elementor-widget__width-initial elementor-widget elementor-widget-heading\" data-id=\"c9c2bb0\" data-element_type=\"widget\" data-widget_type=\"heading.default\">\n\t\t\t\t<div class=\"elementor-widget-container\">\n\t\t\t\t\t<div class=\"elementor-heading-title elementor-size-default\">Presentaci\u00f3n del Campus<\/div>\t\t\t\t<\/div>\n\t\t\t\t<\/div>\n\t\t\t\t<div class=\"elementor-element elementor-element-9e16595 elementor-widget elementor-widget-text-editor\" data-id=\"9e16595\" data-element_type=\"widget\" data-widget_type=\"text-editor.default\">\n\t\t\t\t<div class=\"elementor-widget-container\">\n\t\t\t\t\t\t\t\t\t<p><div class=\"_df_thumb \" id=\"df_6350\"  _slug=\"presentacio-campus-diagonal-besos-2026\" data-title=\"presentacio-campus-diagonal-besos-2026\" wpoptions=\"true\" thumb=\"https:\/\/btec.cat\/wp-content\/uploads\/2025\/03\/Portada-scaled.jpg\" thumbtype=\"\" >Presentaci\u00f3 Campus Diagonal-Bes\u00f2s 2026<\/div><script class=\"df-shortcode-script\" type=\"application\/javascript\">window.option_df_6350 = {\"outline\":[],\"autoEnableOutline\":\"false\",\"autoEnableThumbnail\":\"false\",\"overwritePDFOutline\":\"false\",\"direction\":\"1\",\"pageSize\":\"0\",\"source\":\"https:\\\/\\\/btec.cat\\\/wp-content\\\/uploads\\\/2026\\\/04\\\/Presentacio_Campus-Diagonal-Besos_Octubre_GENER_2026_S.pdf\",\"wpOptions\":\"true\"}; if(window.DFLIP && window.DFLIP.parseBooks){window.DFLIP.parseBooks();}<\/script><\/p>\n\t\t\t\t\t\t\t\t<\/div>\n\t\t\t\t<\/div>\n\t\t\t\t<div class=\"elementor-element elementor-element-49f22bf elementor-widget elementor-widget-spacer\" data-id=\"49f22bf\" data-element_type=\"widget\" data-widget_type=\"spacer.default\">\n\t\t\t\t<div class=\"elementor-widget-container\">\n\t\t\t\t\t\t\t<div class=\"elementor-spacer\">\n\t\t\t<div class=\"elementor-spacer-inner\"><\/div>\n\t\t<\/div>\n\t\t\t\t\t\t<\/div>\n\t\t\t\t<\/div>\n\t\t\t\t<div class=\"elementor-element elementor-element-35d7f507 elementor-cta--skin-cover elementor-widget elementor-widget-call-to-action\" data-id=\"35d7f507\" data-element_type=\"widget\" data-widget_type=\"call-to-action.default\">\n\t\t\t\t<div class=\"elementor-widget-container\">\n\t\t\t\t\t\t\t<a class=\"elementor-cta\" href=\"https:\/\/btec.cat\/wp-content\/uploads\/2026\/04\/Planol_Campus-Diagonal-Besos_2026-scaled.jpg\" target=\"_blank\">\n\t\t\t\t\t<div class=\"elementor-cta__bg-wrapper\">\n\t\t\t\t<div class=\"elementor-cta__bg elementor-bg\" style=\"background-image: url(https:\/\/btec.cat\/wp-content\/uploads\/2024\/04\/1_Campus-Diagonal-Besos-Barcelona-UPC.jpg);\" role=\"img\" aria-label=\"1_Campus-Diagonal-Besos-Barcelona-UPC\"><\/div>\n\t\t\t\t<div class=\"elementor-cta__bg-overlay\"><\/div>\n\t\t\t<\/div>\n\t\t\t\t\t\t\t<div class=\"elementor-cta__content\">\n\t\t\t\t\n\t\t\t\t\t\t\t\t\t<div class=\"elementor-cta__title elementor-cta__content-item elementor-content-item\">\n\t\t\t\t\t\tPlano del Campus\t\t\t\t\t<\/div>\n\t\t\t\t\n\t\t\t\t\n\t\t\t\t\t\t\t\t\t<div class=\"elementor-cta__button-wrapper elementor-cta__content-item elementor-content-item \">\n\t\t\t\t\t<span class=\"elementor-cta__button elementor-button elementor-size-\">\n\t\t\t\t\t\tDescargar\t\t\t\t\t<\/span>\n\t\t\t\t\t<\/div>\n\t\t\t\t\t\t\t<\/div>\n\t\t\t\t\t\t<\/a>\n\t\t\t\t\t\t<\/div>\n\t\t\t\t<\/div>\n\t\t\t\t<div class=\"elementor-element elementor-element-1beeb699 elementor-widget elementor-widget-spacer\" data-id=\"1beeb699\" data-element_type=\"widget\" data-widget_type=\"spacer.default\">\n\t\t\t\t<div class=\"elementor-widget-container\">\n\t\t\t\t\t\t\t<div class=\"elementor-spacer\">\n\t\t\t<div class=\"elementor-spacer-inner\"><\/div>\n\t\t<\/div>\n\t\t\t\t\t\t<\/div>\n\t\t\t\t<\/div>\n\t\t\t\t<div class=\"elementor-element elementor-element-556ccaa5 elementor-widget elementor-widget-spacer\" data-id=\"556ccaa5\" data-element_type=\"widget\" data-widget_type=\"spacer.default\">\n\t\t\t\t<div class=\"elementor-widget-container\">\n\t\t\t\t\t\t\t<div class=\"elementor-spacer\">\n\t\t\t<div class=\"elementor-spacer-inner\"><\/div>\n\t\t<\/div>\n\t\t\t\t\t\t<\/div>\n\t\t\t\t<\/div>\n\t\t\t\t<div class=\"elementor-element elementor-element-7291604f elementor-widget elementor-widget-spacer\" data-id=\"7291604f\" data-element_type=\"widget\" data-widget_type=\"spacer.default\">\n\t\t\t\t<div class=\"elementor-widget-container\">\n\t\t\t\t\t\t\t<div class=\"elementor-spacer\">\n\t\t\t<div class=\"elementor-spacer-inner\"><\/div>\n\t\t<\/div>\n\t\t\t\t\t\t<\/div>\n\t\t\t\t<\/div>\n\t\t\t\t<div class=\"elementor-element elementor-element-6ce39e6b elementor-widget elementor-widget-spacer\" data-id=\"6ce39e6b\" data-element_type=\"widget\" data-widget_type=\"spacer.default\">\n\t\t\t\t<div class=\"elementor-widget-container\">\n\t\t\t\t\t\t\t<div class=\"elementor-spacer\">\n\t\t\t<div class=\"elementor-spacer-inner\"><\/div>\n\t\t<\/div>\n\t\t\t\t\t\t<\/div>\n\t\t\t\t<\/div>\n\t\t\t\t\t<\/div>\n\t\t<\/div>\n\t\t\t\t\t<\/div>\n\t\t<\/section>\n\t\t\t\t<\/div>\n\t\t\t\t<\/div>\n\t\t\t\t\t\t<\/div>\n\t\t\t\t<\/div>\n\t\t\t\t\t<\/div>\n\t\t<\/div>\n\t\t\t\t\t<\/div>\n\t\t<\/section>\n\t\t\t\t<\/div>\n\t\t\t\t<\/div>\n\t\t\t\t\t\t<\/div>\n\t\t\t\t<\/div>\n\t\t\t\t\t<\/div>\n\t\t<\/div>\n\t\t\t\t\t<\/div>\n\t\t<\/section>\n\t\t\t\t<\/div>\n\t\t","protected":false},"excerpt":{"rendered":"<p>En esta secci\u00f3n encontrar\u00e1 la informaci\u00f3n y documentos relevantes de la Fundaci\u00f3n b_TEC Campus Diagonal-Bes\u00f2s vinculados a la informaci\u00f3n Institucional y Organizativa, la gesti\u00f3n Econ\u00f3mica y Administrativa, los Anuncios p\u00fablicos de la entidad, la informaci\u00f3n de los Contratos, Convenios y Subvenciones, la Memoria de actividades anual y el enlace a la Sede Electr\u00f3nica. Tambi\u00e9n podr\u00e1&hellip;<\/p>\n","protected":false},"author":1,"featured_media":0,"parent":0,"menu_order":0,"comment_status":"closed","ping_status":"closed","template":"","meta":{"footnotes":""},"class_list":["post-5984","page","type-page","status-publish","hentry"],"_links":{"self":[{"href":"https:\/\/btec.cat\/es\/wp-json\/wp\/v2\/pages\/5984","targetHints":{"allow":["GET"]}}],"collection":[{"href":"https:\/\/btec.cat\/es\/wp-json\/wp\/v2\/pages"}],"about":[{"href":"https:\/\/btec.cat\/es\/wp-json\/wp\/v2\/types\/page"}],"author":[{"embeddable":true,"href":"https:\/\/btec.cat\/es\/wp-json\/wp\/v2\/users\/1"}],"replies":[{"embeddable":true,"href":"https:\/\/btec.cat\/es\/wp-json\/wp\/v2\/comments?post=5984"}],"version-history":[{"count":3,"href":"https:\/\/btec.cat\/es\/wp-json\/wp\/v2\/pages\/5984\/revisions"}],"predecessor-version":[{"id":6042,"href":"https:\/\/btec.cat\/es\/wp-json\/wp\/v2\/pages\/5984\/revisions\/6042"}],"wp:attachment":[{"href":"https:\/\/btec.cat\/es\/wp-json\/wp\/v2\/media?parent=5984"}],"curies":[{"name":"wp","href":"https:\/\/api.w.org\/{rel}","templated":true}]}}